{"id":452,"date":"2021-02-17T14:24:28","date_gmt":"2021-02-17T14:24:28","guid":{"rendered":"http:\/\/ftcm.org\/casa\/"},"modified":"2021-04-27T18:19:36","modified_gmt":"2021-04-27T18:19:36","slug":"casa","status":"publish","type":"page","link":"https:\/\/ftcm.org\/es\/","title":{"rendered":"P\u00e1gina de Inicio"},"content":{"rendered":"\n  <div class=\"banner has-hover has-parallax\" id=\"banner-537595262\">\n          <div class=\"banner-inner fill\">\n        <div class=\"banner-bg fill\" data-parallax=\"-6\" data-parallax-container=\".banner\" data-parallax-background>\n            <img loading=\"lazy\" decoding=\"async\" width=\"1020\" height=\"678\" src=\"https:\/\/ftcm.org\/wp-content\/uploads\/2021\/01\/3073744-looking-up-into-the-trees-in-the-forest-1024x681.jpg\" class=\"bg attachment-large size-large\" alt=\"\" \/>                                    \n                    <\/div>\n\t\t\n        <div class=\"banner-layers container\">\n            <div class=\"fill banner-link\"><\/div>            \n   <div id=\"text-box-1702956954\" class=\"text-box banner-layer x50 md-x50 lg-x50 y35 md-y35 lg-y35 res-text\">\n                                <div class=\"text-box-content text dark\">\n              \n              <div class=\"text-inner text-center\">\n                  \n<h2 class=\"uppercase\"><span style=\"text-shadow: 2px 2px 2px rgba(0,0,0, 0.8);\">Bienvenidos a<br \/>\nEl Centro de Terapia Familiar de Madison<\/span><\/h2>\n<a href=\"http:\/\/ftcm.org\/contact-us\/\" class=\"button white\" >\n\t\t<span>p\u00f3ngase en contacto con nosotros hoy<\/span>\n\t<\/a>\n\n              <\/div>\n           <\/div>\n                            \n<style>\n#text-box-1702956954 {\n  width: 100%;\n}\n#text-box-1702956954 .text-box-content {\n  font-size: 45%;\n}\n@media (min-width:550px) {\n  #text-box-1702956954 .text-box-content {\n    font-size: 100%;\n  }\n}\n<\/style>\n    <\/div>\n \n        <\/div>\n      <\/div>\n\n            \n<style>\n#banner-537595262 {\n  padding-top: 250px;\n}\n#banner-537595262 .banner-bg img {\n  object-position: 45% 95%;\n}\n@media (min-width:550px) {\n  #banner-537595262 {\n    padding-top: 385px;\n  }\n}\n@media (min-width:850px) {\n  #banner-537595262 {\n    padding-top: 700px;\n  }\n}\n<\/style>\n  <\/div>\n\n\n\n\t<section class=\"section\" id=\"section_1199861392\">\n\t\t<div class=\"section-bg fill\" >\n\t\t\t\t\t\t\t\t\t\n\t\t\t\n\n\t\t<\/div>\n\n\t\t\n\n\t\t<div class=\"section-content relative\">\n\t\t\t\n\t<div id=\"gap-1527606820\" class=\"gap-element clearfix\" style=\"display:block; height:auto;\">\n\t\t\n<style>\n#gap-1527606820 {\n  padding-top: 30px;\n}\n<\/style>\n\t<\/div>\n\t\n<div class=\"row\"  id=\"row-1626350411\">\n\n\t<div id=\"col-1220983767\" class=\"col small-12 large-12\"  >\n\t\t\t\t<div class=\"col-inner\"  >\n\t\t\t\n\t\t\t\n<p style=\"text-align: center;\"><span style=\"color: #282828;\">El Centro de Terapia Familiar de Madison, Inc. fue fundado originalmente a principios de la d\u00e9cada de 1980 con la visi\u00f3n de dirigirse al trauma dentro del contexto de los sistemas familiares y comunitarios, siendo un l\u00edder dentro de los recursos de salud mental en el \u00e1rea de Madison<\/span><\/p>\n<p style=\"text-align: center;\"><span style=\"color: #282828;\">Hoy, aprovechamos la oportunidad de proveer servicios de salud mental confiables, guiados por valores como la compasi\u00f3n, la integridad, la accesibilidad y la excelencia cl\u00ednica. Nuestros profesionales independientes de psiquiatr\u00eda, psicolog\u00eda, trabajo social cl\u00ednico y asesoramiento brindan la profundidad y versatilidad para satisfacer sus necesidades de salud mental individuales, familiares y comunitarias.<\/span><\/p>\n\t\t<\/div>\n\t\t\t\t\t<\/div>\n\n\t\n<\/div>\n\t\t<\/div>\n\n\t\t\n<style>\n#section_1199861392 {\n  padding-top: 0px;\n  padding-bottom: 0px;\n}\n<\/style>\n\t<\/section>\n\t\n","protected":false},"excerpt":{"rendered":"","protected":false},"author":1,"featured_media":0,"parent":0,"menu_order":0,"comment_status":"closed","ping_status":"closed","template":"page-blank.php","meta":{"footnotes":""},"class_list":["post-452","page","type-page","status-publish","hentry"],"aioseo_notices":[],"_links":{"self":[{"href":"https:\/\/ftcm.org\/es\/wp-json\/wp\/v2\/pages\/452","targetHints":{"allow":["GET"]}}],"collection":[{"href":"https:\/\/ftcm.org\/es\/wp-json\/wp\/v2\/pages"}],"about":[{"href":"https:\/\/ftcm.org\/es\/wp-json\/wp\/v2\/types\/page"}],"author":[{"embeddable":true,"href":"https:\/\/ftcm.org\/es\/wp-json\/wp\/v2\/users\/1"}],"replies":[{"embeddable":true,"href":"https:\/\/ftcm.org\/es\/wp-json\/wp\/v2\/comments?post=452"}],"version-history":[{"count":55,"href":"https:\/\/ftcm.org\/es\/wp-json\/wp\/v2\/pages\/452\/revisions"}],"predecessor-version":[{"id":1261,"href":"https:\/\/ftcm.org\/es\/wp-json\/wp\/v2\/pages\/452\/revisions\/1261"}],"wp:attachment":[{"href":"https:\/\/ftcm.org\/es\/wp-json\/wp\/v2\/media?parent=452"}],"curies":[{"name":"wp","href":"https:\/\/api.w.org\/{rel}","templated":true}]}}