{"id":428,"date":"2021-02-16T23:27:24","date_gmt":"2021-02-16T23:27:24","guid":{"rendered":"http:\/\/ftcm.org\/enfoques\/"},"modified":"2021-03-09T23:20:17","modified_gmt":"2021-03-09T23:20:17","slug":"enfoques","status":"publish","type":"page","link":"https:\/\/ftcm.org\/es\/enfoques\/","title":{"rendered":"Areas de Enfoque"},"content":{"rendered":"\n  <div class=\"banner has-hover has-parallax\" id=\"banner-256263761\">\n          <div class=\"banner-inner fill\">\n        <div class=\"banner-bg fill\" data-parallax=\"-7\" data-parallax-container=\".banner\" data-parallax-background>\n            <img loading=\"lazy\" decoding=\"async\" width=\"1200\" height=\"905\" src=\"https:\/\/ftcm.org\/wp-content\/uploads\/2021\/03\/family-therapy-center-of-madison-approaches-to-therapy.jpg\" class=\"bg attachment-original size-original\" alt=\"family therapy center of madison approaches to therapy\" \/>                                    \n                    <\/div>\n\t\t\n        <div class=\"banner-layers container\">\n            <div class=\"fill banner-link\"><\/div>            \n        <\/div>\n      <\/div>\n\n            \n<style>\n#banner-256263761 {\n  padding-top: 250px;\n}\n#banner-256263761 .banner-bg img {\n  object-position: 0% 31%;\n}\n@media (min-width:550px) {\n  #banner-256263761 {\n    padding-top: 400px;\n  }\n}\n<\/style>\n  <\/div>\n\n\n\n\t<section class=\"section\" id=\"section_1384942693\">\n\t\t<div class=\"section-bg fill\" >\n\t\t\t\t\t\t\t\t\t\n\t\t\t\n\n\t\t<\/div>\n\n\t\t\n\n\t\t<div class=\"section-content relative\">\n\t\t\t\n<div class=\"row align-middle align-center\"  id=\"row-597397172\">\n\n\t<div id=\"col-124809348\" class=\"col medium-10 small-12 large-10\"  >\n\t\t\t\t<div class=\"col-inner\"  >\n\t\t\t\n\t\t\t\n<div class=\"container section-title-container\" ><h3 class=\"section-title section-title-normal\"><b aria-hidden=\"true\"><\/b><span class=\"section-title-main\" >Areas de Enfoque<\/span><b aria-hidden=\"true\"><\/b><\/h3><\/div>\n<ul>\n<li>Pr\u00e1cticas contemplativas para la salud y el bienestar.<\/li>\n<li>Terapia Conductual Dial\u00e9ctica (DBT)<\/li>\n<li>Desensibilizaci\u00f3n y reprocesamiento del movimiento ocular (EMDR)<\/li>\n<li>Sistemas Familiares Internos (IFS)<\/li>\n<li>Pr\u00e1cticas de atenci\u00f3n plena que incluyen la Terapia Cognitivo-Conductual Basada en la Atenci\u00f3n Plena (MB-CBT) y la Reducci\u00f3n del Estr\u00e9s Basada en la Atenci\u00f3n Plena (MBSR)<\/li>\n<li>Entrevista motivacional<\/li>\n<li>Terapia de juego<\/li>\n<li>Psicoeducaci\u00f3n<\/li>\n<li>Psicoterapia Relacional<\/li>\n<li>Terapia Cognitivo-Conductual Centrada en el Trauma (TF-CBT)<\/li>\n<\/ul>\n\t\t<\/div>\n\t\t\t\t\t<\/div>\n\n\t\n<\/div>\n\t\t<\/div>\n\n\t\t\n<style>\n#section_1384942693 {\n  padding-top: 30px;\n  padding-bottom: 30px;\n}\n<\/style>\n\t<\/section>\n\t\n","protected":false},"excerpt":{"rendered":"","protected":false},"author":1,"featured_media":0,"parent":0,"menu_order":0,"comment_status":"closed","ping_status":"closed","template":"page-blank.php","meta":{"footnotes":""},"class_list":["post-428","page","type-page","status-publish","hentry"],"aioseo_notices":[],"_links":{"self":[{"href":"https:\/\/ftcm.org\/es\/wp-json\/wp\/v2\/pages\/428","targetHints":{"allow":["GET"]}}],"collection":[{"href":"https:\/\/ftcm.org\/es\/wp-json\/wp\/v2\/pages"}],"about":[{"href":"https:\/\/ftcm.org\/es\/wp-json\/wp\/v2\/types\/page"}],"author":[{"embeddable":true,"href":"https:\/\/ftcm.org\/es\/wp-json\/wp\/v2\/users\/1"}],"replies":[{"embeddable":true,"href":"https:\/\/ftcm.org\/es\/wp-json\/wp\/v2\/comments?post=428"}],"version-history":[{"count":59,"href":"https:\/\/ftcm.org\/es\/wp-json\/wp\/v2\/pages\/428\/revisions"}],"predecessor-version":[{"id":887,"href":"https:\/\/ftcm.org\/es\/wp-json\/wp\/v2\/pages\/428\/revisions\/887"}],"wp:attachment":[{"href":"https:\/\/ftcm.org\/es\/wp-json\/wp\/v2\/media?parent=428"}],"curies":[{"name":"wp","href":"https:\/\/api.w.org\/{rel}","templated":true}]}}