{"id":420,"date":"2021-02-16T23:26:46","date_gmt":"2021-02-16T23:26:46","guid":{"rendered":"http:\/\/ftcm.org\/areas-de-especializacion\/"},"modified":"2021-04-27T18:38:58","modified_gmt":"2021-04-27T18:38:58","slug":"areas-de-especializacion","status":"publish","type":"page","link":"https:\/\/ftcm.org\/es\/areas-de-especializacion\/","title":{"rendered":"AREAS DE ESPECIALIZACION"},"content":{"rendered":"\n  <div class=\"banner has-hover has-parallax\" id=\"banner-426569891\">\n          <div class=\"banner-inner fill\">\n        <div class=\"banner-bg fill\" data-parallax=\"-7\" data-parallax-container=\".banner\" data-parallax-background>\n            <img loading=\"lazy\" decoding=\"async\" width=\"1300\" height=\"420\" src=\"https:\/\/ftcm.org\/wp-content\/uploads\/2021\/03\/family-therapy-center-of-madison-areas-of-expertise.jpg\" class=\"bg attachment-original size-original\" alt=\"Family therapy center of madison areas of expertise\" \/>                                    \n                    <\/div>\n\t\t\n        <div class=\"banner-layers container\">\n            <div class=\"fill banner-link\"><\/div>            \n        <\/div>\n      <\/div>\n\n            \n<style>\n#banner-426569891 {\n  padding-top: 250px;\n}\n#banner-426569891 .banner-bg img {\n  object-position: 71% 100%;\n}\n@media (min-width:550px) {\n  #banner-426569891 {\n    padding-top: 380px;\n  }\n}\n<\/style>\n  <\/div>\n\n\n\n\t<section class=\"section\" id=\"section_1551497369\">\n\t\t<div class=\"section-bg fill\" >\n\t\t\t\t\t\t\t\t\t\n\t\t\t\n\n\t\t<\/div>\n\n\t\t\n\n\t\t<div class=\"section-content relative\">\n\t\t\t\n<div class=\"row\"  id=\"row-382662824\">\n\n\t<div id=\"col-422034456\" class=\"col small-12 large-12\"  >\n\t\t\t\t<div class=\"col-inner\"  >\n\t\t\t\n\t\t\t\n<div class=\"container section-title-container\" ><h3 class=\"section-title section-title-normal\"><b aria-hidden=\"true\"><\/b><span class=\"section-title-main\" >AREAS DE ESPECIALIZACION<\/span><b aria-hidden=\"true\"><\/b><\/h3><\/div>\n<ul>\n<li><span style=\"color: #282828;\">Ansiedad<\/span><\/li>\n<li><span style=\"color: #282828;\">Problemas profesionales y laborales<\/span><\/li>\n<li><span style=\"color: #282828;\">Dolor cr\u00f3nico <\/span><\/li>\n<li><span style=\"color: #282828;\">Asuntos problem\u00e1ticos para estudiantes universitarios y graduados<\/span><\/li>\n<li><span style=\"color: #282828;\">Depresi\u00f3n y otros trastornos del estado de \u00e1nimo<\/span><\/li>\n<li><span style=\"color: #282828;\">Consultas de familia de origen y sesiones de reuni\u00f3n familiar<\/span><\/li>\n<li><span style=\"color: #282828;\">Dolor y p\u00e9rdida<\/span><\/li>\n<li><span style=\"color: #282828;\">LGBTQ, incluidos j\u00f3venes y adultos transg\u00e9nero y de g\u00e9nero expansivo<\/span><\/li>\n<li><span style=\"color: #282828;\">Transiciones de la vida: paternidad, menopausia, crisis de la mediana edad, envejecimiento, cuidados<\/span><\/li>\n<li><span style=\"color: #282828;\">Problemas de adicci\u00f3n y salud mental (combinados)<\/span><\/li>\n<li><span style=\"color: #282828;\">Trastorno de estr\u00e9s postraum\u00e1tico, incluido el trauma relacionado con el acoso escolar, el abuso infantil, la violencia comunitaria, el abuso dom\u00e9stico, la agresi\u00f3n sexual y la discriminaci\u00f3n racial<\/span><\/li>\n<li><span style=\"color: #282828;\">Manejo del estr\u00e9s<\/span><\/li>\n<\/ul>\n\t\t<\/div>\n\t\t\t\t\t<\/div>\n\n\t\n<\/div>\n\t\t<\/div>\n\n\t\t\n<style>\n#section_1551497369 {\n  padding-top: 25px;\n  padding-bottom: 25px;\n}\n<\/style>\n\t<\/section>\n\t\n","protected":false},"excerpt":{"rendered":"","protected":false},"author":1,"featured_media":0,"parent":0,"menu_order":0,"comment_status":"closed","ping_status":"closed","template":"page-blank.php","meta":{"footnotes":""},"class_list":["post-420","page","type-page","status-publish","hentry"],"aioseo_notices":[],"_links":{"self":[{"href":"https:\/\/ftcm.org\/es\/wp-json\/wp\/v2\/pages\/420","targetHints":{"allow":["GET"]}}],"collection":[{"href":"https:\/\/ftcm.org\/es\/wp-json\/wp\/v2\/pages"}],"about":[{"href":"https:\/\/ftcm.org\/es\/wp-json\/wp\/v2\/types\/page"}],"author":[{"embeddable":true,"href":"https:\/\/ftcm.org\/es\/wp-json\/wp\/v2\/users\/1"}],"replies":[{"embeddable":true,"href":"https:\/\/ftcm.org\/es\/wp-json\/wp\/v2\/comments?post=420"}],"version-history":[{"count":48,"href":"https:\/\/ftcm.org\/es\/wp-json\/wp\/v2\/pages\/420\/revisions"}],"predecessor-version":[{"id":1272,"href":"https:\/\/ftcm.org\/es\/wp-json\/wp\/v2\/pages\/420\/revisions\/1272"}],"wp:attachment":[{"href":"https:\/\/ftcm.org\/es\/wp-json\/wp\/v2\/media?parent=420"}],"curies":[{"name":"wp","href":"https:\/\/api.w.org\/{rel}","templated":true}]}}