{"id":395,"date":"2021-02-16T23:25:16","date_gmt":"2021-02-16T23:25:16","guid":{"rendered":"http:\/\/ftcm.org\/actualizaciones-de-covid\/"},"modified":"2021-03-15T20:27:51","modified_gmt":"2021-03-15T20:27:51","slug":"actualizaciones-de-covid","status":"publish","type":"page","link":"https:\/\/ftcm.org\/es\/actualizaciones-de-covid\/","title":{"rendered":"Actualizaciones de COVID"},"content":{"rendered":"\n\t<section class=\"section\" id=\"section_590248198\">\n\t\t<div class=\"section-bg fill\" >\n\t\t\t\t\t\t\t\t\t\n\t\t\t\n\n\t\t<\/div>\n\n\t\t\n\n\t\t<div class=\"section-content relative\">\n\t\t\t\n<div class=\"container section-title-container\" ><h1 class=\"section-title section-title-center\"><b aria-hidden=\"true\"><\/b><span class=\"section-title-main\" >Informaci\u00f3n relacionada con COVID<\/span><b aria-hidden=\"true\"><\/b><\/h1><\/div>\n<div class=\"row\"  id=\"row-1384986988\">\n\n\t<div id=\"col-1251835481\" class=\"col small-12 large-12\"  >\n\t\t\t\t<div class=\"col-inner\"  >\n\t\t\t\n\t\t\t\n<h3> <\/h3>\n<h3>10 de julio de 2020: LOS CL\u00cdNICOS DE LA FTCM CONTIN\u00daAN VISITANDO A CASI TODOS LOS PACIENTES A TRAV\u00c9S DE TELEHEALTH EN ESTE MOMENTO.<\/h3>\n<p><strong> <\/strong>Sin embargo, ahora tenemos un protocolo para las sesiones en persona si usted y su m\u00e9dico consideran necesario reunirse en persona. Si decide venir a nuestras oficinas, sepa que nuestro personal y m\u00e9dicos est\u00e1n tomando medidas para minimizar el riesgo de exponerlo a COVID-19 al usar m\u00e1scaras, quedarnos en casa si estamos enfermos, limpiar superficies de alto contacto durante todo el d\u00eda. y limitar al m\u00e1ximo la cantidad de personas en nuestras oficinas.<\/p>\n<p>Gracias por su paciencia y cooperaci\u00f3n mientras tomamos precauciones adicionales, utilizando las recomendaciones de los CDC y del departamento de salud local, para promover la salud y el bienestar de todos. Esperamos que nuestra respuesta mesurada a la reanudaci\u00f3n de los servicios en persona permita algunas sesiones en persona y evite un resurgimiento del virus en nuestra comunidad.<\/p>\n<p>Como siempre, por favor llame al personal de la oficina durante el horario laboral habitual (8: 30-4: 30 de lunes a viernes) si tiene alguna pregunta o inquietud.<\/p>\n<p><strong><em>*** Si tiene programada una sesi\u00f3n en persona, lea TODAS las instrucciones que se enumeran a continuaci\u00f3n antes de venir a la oficina.<\/em><\/strong><\/p>\n<hr>\n<h3>NUEVOS PROCEDIMIENTOS &#8211; \u00bfQu\u00e9 es diferente ahora?<\/h3>\n<p>Para sesiones EN PERSONA en nuestras oficinas de FTCM, Inc. en la oficina de West Side en Rayovac Dr.<\/p>\n<p><strong>\u00a1Estamos muy felices de verte! <\/strong>Tambi\u00e9n estamos muy comprometidos con su seguridad y con la seguridad de los dem\u00e1s. Por esta raz\u00f3n, usted y su m\u00e9dico discutir\u00e1n tanto los requisitos como los riesgos asociados con acudir a nuestras oficinas para una cita. Se le pedir\u00e1 que haga lo siguiente:<\/p>\n<h1>Antes de su cita<\/h1>\n<ol>\n<li>NO venga a la oficina si tiene alg\u00fan s\u00edntoma que pueda estar asociado con COVID-19, incluida una temperatura superior a 99 \u00b0 F, escalofr\u00edos, tos, dificultad para respirar, dolor de garganta, p\u00e9rdida del sentido del gusto u olfato, dolores musculares, n\u00e1useas, v\u00f3mitos o diarrea. <\/li>\n<li>NO entre a la oficina si ha estado en contacto cercano con alguien con COVID-19 o s\u00edntomas de COVID-19 &#8211; en su hogar, en su lugar de trabajo o mientras viaja.<\/li>\n<li>Registre su temperatura el d\u00eda de su cita para asegurarse de que no tenga fiebre.<\/li>\n<li>Por favor traiga una m\u00e1scara, un bol\u00edgrafo y su tel\u00e9fono celular a la cita.<\/li>\n<li>Considere vestirse apropiadamente para la cita, ya que las ventanas de la oficina estar\u00e1n abiertas y la habitaci\u00f3n puede estar m\u00e1s c\u00e1lida o m\u00e1s fresca de lo habitual.<\/li>\n<\/ol>\n<h1>Cuando llegues<\/h1>\n<ol start=\"1\">\n<li>Qu\u00e9dese en su autom\u00f3vil o espere fuera del edificio.<\/li>\n<li>No llame a la oficina a su llegada. Su m\u00e9dico lo llamar\u00e1 cuando est\u00e9 listo para atenderlo. (Si ha estado esperando m\u00e1s de 15 minutos despu\u00e9s de la hora de su cita, llame al 608-276-9191 y presione 3).<\/li>\n<li>Se le har\u00e1n preguntas de detecci\u00f3n, incluido cu\u00e1l es su temperatura.<\/li>\n<li>Ponte tu m\u00e1scara en este momento, toma tu bol\u00edgrafo y procede a la suite.<\/li>\n<li>Si necesita usar el ascensor, h\u00e1galo solo.<\/li>\n<li>Su m\u00e9dico lo recibir\u00e1 en la puerta de la suite.<\/li>\n<li>Se le ofrecer\u00e1 un desinfectante de manos para lavarse las manos.<\/li>\n<li>La sala de espera NO estar\u00e1 en uso.<\/li>\n<li>Tenga en cuenta una distancia de 6 pies mientras est\u00e9 en la suite: \u00a1nuestros pasillos son estrechos!<\/li>\n<li>Se le anima a interactuar con el personal de nuestra oficina solo si es absolutamente necesario. Llame al n\u00famero de la oficina si tiene preguntas sobre facturaci\u00f3n o pagos.<\/li>\n<li>Su m\u00e9dico lo llevar\u00e1 a la oficina, que habr\u00e1 sido limpiada y preparada para su llegada.<\/li>\n<li>Se le pedir\u00e1 que firme un formulario: Consentimiento informado para tratamiento en persona durante la pandemia de COVID-19.<\/li>\n<\/ol>\n<h1>Despu\u00e9s de que te vayas<strong> <\/strong><\/h1>\n<ol>\n<li>H\u00e1ganos saber si usted o alguien con quien est\u00e1 en contacto cercano da positivo por COVID-19 dentro de los 14 d\u00edas de su cita.<\/li>\n<\/ol>\n<h3>Muchas gracias por cooperar con estas expectativas y darnos el privilegio de verlo.<\/h3>\n\t\t<\/div>\n\t\t\t\t\t<\/div>\n\n\t\n<\/div>\n\t\t<\/div>\n\n\t\t\n<style>\n#section_590248198 {\n  padding-top: 30px;\n  padding-bottom: 30px;\n}\n<\/style>\n\t<\/section>\n\t\n","protected":false},"excerpt":{"rendered":"","protected":false},"author":1,"featured_media":0,"parent":0,"menu_order":0,"comment_status":"closed","ping_status":"closed","template":"","meta":{"footnotes":""},"class_list":["post-395","page","type-page","status-publish","hentry"],"aioseo_notices":[],"_links":{"self":[{"href":"https:\/\/ftcm.org\/es\/wp-json\/wp\/v2\/pages\/395","targetHints":{"allow":["GET"]}}],"collection":[{"href":"https:\/\/ftcm.org\/es\/wp-json\/wp\/v2\/pages"}],"about":[{"href":"https:\/\/ftcm.org\/es\/wp-json\/wp\/v2\/types\/page"}],"author":[{"embeddable":true,"href":"https:\/\/ftcm.org\/es\/wp-json\/wp\/v2\/users\/1"}],"replies":[{"embeddable":true,"href":"https:\/\/ftcm.org\/es\/wp-json\/wp\/v2\/comments?post=395"}],"version-history":[{"count":25,"href":"https:\/\/ftcm.org\/es\/wp-json\/wp\/v2\/pages\/395\/revisions"}],"predecessor-version":[{"id":1023,"href":"https:\/\/ftcm.org\/es\/wp-json\/wp\/v2\/pages\/395\/revisions\/1023"}],"wp:attachment":[{"href":"https:\/\/ftcm.org\/es\/wp-json\/wp\/v2\/media?parent=395"}],"curies":[{"name":"wp","href":"https:\/\/api.w.org\/{rel}","templated":true}]}}